{"id":85,"date":"2018-10-29T12:21:42","date_gmt":"2018-10-29T11:21:42","guid":{"rendered":"https:\/\/www.freunde-traunreuts.de\/?page_id=85"},"modified":"2022-11-02T15:02:30","modified_gmt":"2022-11-02T14:02:30","slug":"freunde-traunreuts","status":"publish","type":"page","link":"https:\/\/www.freunde-traunreuts.de\/","title":{"rendered":"Freunde Traunreuts"},"content":{"rendered":"\t\t<div data-elementor-type=\"wp-post\" data-elementor-id=\"85\" class=\"elementor elementor-85\">\n\t\t\t\t\t\t<section class=\"elementor-section elementor-top-section elementor-element elementor-element-76161d49 elementor-section-boxed elementor-section-height-default elementor-section-height-default\" data-id=\"76161d49\" data-element_type=\"section\" data-e-type=\"section\">\n\t\t\t\t\t\t<div class=\"elementor-container elementor-column-gap-default\">\n\t\t\t\t\t<div class=\"elementor-column elementor-col-100 elementor-top-column elementor-element elementor-element-58b965db\" data-id=\"58b965db\" data-element_type=\"column\" data-e-type=\"column\">\n\t\t\t<div class=\"elementor-widget-wrap elementor-element-populated\">\n\t\t\t\t\t\t<div class=\"elementor-element elementor-element-1b16e624 elementor-widget elementor-widget-text-editor\" data-id=\"1b16e624\" data-element_type=\"widget\" data-e-type=\"widget\" data-widget_type=\"text-editor.default\">\n\t\t\t\t<div class=\"elementor-widget-container\">\n\t\t\t\t\t\t\t\t\t<p align=\"justify\"><b>Wer wir sind?<\/b>\nWir sind einige beherzte B\u00fcrger denen etwas am Wohle ihrer Stadt liegt! In einem losen Verbund \u2013 also nicht als eingetragener Verein (e.V.) \u2013 haben wir uns zusammengefunden. Was uns verbindet ist das gemeinsame Ziel, aktiv unsere Stadt bei Themen mitzugestalten, bei denen wir einen Handlungsbedarf sehen. Wir sind Alt und Jung, M\u00e4nnlein und Weiblein, beruflich aktiv oder auch nicht (mehr), aus der Kernstadt oder dem Umland \u2026\n\n<p align=\"justify\"><b>Was wir wollen?<\/b>\nNun, was gut und was weniger gut f\u00fcr eine Stadt ist, dar\u00fcber l\u00e4sst sich ja bekannterma\u00dfen vortrefflich streiten. Wenn man aber bestimmte Themen immer und immer wieder in der B\u00fcrgerschaft h\u00f6rt und dass \u201eman\u201c da endlich etwas unternehmen sollte um bestimmte Dinge umzusetzen \/ zu erreichen \/ zu \u00e4ndern, dann sollte man dar\u00fcber nachdenken ob man einfach wegsieht, seinen Unmut in welcher Form auch immer Kund tut (z. B. Leserbriefe) oder ob man aktiv etwas unternimmt. Wir sind der Meinung, dass es wieder mehr \u201eFeuerl\u00f6scher\u201c statt nur \u201eFeuermelder\u201c braucht und gem\u00e4\u00df dem Motto \u201eEs gibt nichts Gutes, au\u00dfer man tut es\u201c haben wir uns also nun in unserem Kreise zusammengefunden um aktiv etwas zu ver\u00e4ndern.\n\n<p align=\"justify\"><b>Wer kann bei uns mitmachen?<\/b>\nBei uns kann jeder aktiv mithelfen, der unsere Ziele verfolgt und sich redlich verh\u00e4lt. Idealerweise kommen unsere Unterst\u00fctzer aus dem Gemeindegebiet der Stadt Traunreut, aber auch \u201eSympathisanten\u201c aus anderen Gemeinden sind herzlich willkommen!\n\n<p align=\"justify\"><b>Wer kann uns unterst\u00fctzen und wie?<\/b>\nUnternehmen (zur Auslegung der Listen) sowie Privatpersonen, die uns hier bei der Einholung der Unterschriften behilflich sein wollen, k\u00f6nnen sich gerne unter \u201eaktion@freunde-traunreuts.de\u201c an uns wenden. Danke an dieser Stelle schon mal an alle, die sich bereits aufgrund des ersten Hinweises in den Medien bei uns gemeldet haben \u2013 echt klasse, freut uns sehr!!! Ebenso alle, die uns hier mit einer kleinen Spende unterst\u00fctzen wollen ? ! Und nat\u00fcrlich hilft jede Unterst\u00fctzungsunterschrift auf einer unserer Listen f\u00fcr die B\u00fcrgerbegehren. Die Unterzeichner m\u00fcssen dabei wahlberechtigt sein, d. h.\n<ul>\n \t<li>das 18te Lebensjahr vollendet haben<\/li>\n \t<li>sich seit mindestens 2 Monaten in der Gemeinde Traunreut (Kernstadt bzw. zugeh\u00f6rigem Umland) mit dem Schwerpunkt der Lebensbeziehung aufhalten<\/li>\n \t<li>nicht vom Wahlrecht ausgeschlossen sein<\/li>\n<\/ul>\n<p align=\"justify\">Nach der Wahl ist vor der Wahl. Kaum sind die Landtagswahlen in Bayern vorbei, schon stehen die n\u00e4chsten politischen Themen \u2013 zumindest f\u00fcr Traunreut \u2013 an. Wie seit mehreren Monaten diversen Leserbriefen und auch vielen Gespr\u00e4chen mit der Traunreuter B\u00fcrgerschaft zu entnehmen ist, gibt es einige Themen, die viele B\u00fcrger inhaltlich besch\u00e4ftigen. Drei dieser Themen haben wir nun aufgegriffen und haben entsprechende B\u00fcrgerbegehren zu den drei Themen auf den Weg gebracht. Diese Themen findet man auf den jeweiligen Einzelseiten dieser Homepage.<\/p>\n<p align=\"justify\">Wir haben mehrere Monate an den Formulierungen zu den drei B\u00fcrgerbegehren \u201egefeilt\u201c und nach der rechtlichen Pr\u00fcfung der Zul\u00e4ssigkeit der Verfahren f\u00fcr die Zust\u00e4ndigkeit in der Kommune Traunreut gehen wir nun aktiv auf die B\u00fcrgerschaft zu. Mit unserer Homepage m\u00f6chten wir \u00fcber unser Vorhaben informieren. Wo und wann wir dann mit Infost\u00e4nden zur Einholung von B\u00fcrgerunterschriften pr\u00e4sent sein werden und bei ggf. welchen Unternehmen unsere Listen zur Abgabe der Unterst\u00fctzungsunterschriften ausliegen, dar\u00fcber werden wir Sie auf dem Laufenden halten.<\/p>\n<p align=\"justify\"><b>Wo wir z. B. pr\u00e4sent sind?<\/b><\/p>\n<p align=\"justify\">Wir haben es geschafft! Wir haben die ben\u00f6tigten Unterschriften zusammen. Vielen Dank an alle, die hier als Organisatoren mitgewirkt haben und an alle, die hier ihre Unterst\u00fctzungsunterschriften abgegeben haben. Insgesamt \u00fcber 4.000 Unterschriften f\u00fcr alle 3 B\u00fcrgerbegehren \u2013 eine echte Leistung aller Beteiligten.<\/p>\n<p align=\"justify\"><span style=\"color: black;\">Da wir mit den Unterst\u00fctzungslisten<\/span> fertig sind, sind wir derzeit mit Unterlagen zu den B\u00fcrgerbegehren in keinem Gesch\u00e4ft mehr pr\u00e4sent. Wir m\u00f6chten uns aber bei folgenden Gesch\u00e4ften f\u00fcr deren bisherige Unterst\u00fctzung bedanken:<\/p>\n\n<ul>\n \t<li><span style=\"font-family: Calibri,sans-serif; font-size: small;\">Autohaus Opel G\u00fcnther, Trostbergerstra\u00dfe 4, Traunreut<\/span><\/li>\n \t<li><span style=\"font-family: Calibri,sans-serif; font-size: small;\">Autohaus VW\/Audi Schl\u00f6gl, Trostbergerstra\u00dfe 1&amp;3, Traunreut<\/span><\/li>\n \t<li><span style=\"font-family: Calibri,sans-serif; font-size: small;\">M\u00f6belhaus Jobst, Kirchholzweg 2, Traunreut<\/span><\/li>\n \t<li><span style=\"font-family: Calibri,sans-serif; font-size: small;\">Reischl\u2019s Reiseb\u00fcro, Carl-K\u00f6ttgen-Str. 2a, Traunreut<\/span><\/li>\n \t<li><span style=\"font-family: Calibri,sans-serif; font-size: small;\">Sowie bei allen B\u00fcrgerinnen und B\u00fcrgern, die uns hier aktiv unterst\u00fctzt haben!<\/span><\/li>\n<\/ul>\nWenn Ihnen unsere B\u00fcrgerbegehren zusagen (welche(s) auch immer), dann unterst\u00fctzen Sie uns bitte weiterhin mit einer Spende, mit Rat und Tat oder wie auch immer.\n\nSo k\u00f6nnen Sie uns kontaktieren:\n<table style=\"border: none;\">\n<tbody>\n<tr>\n<td style=\"border: none;\">\u201cFreunde Traunreuts\u201d\nc\/o Melrose Consult GmbH\nMaximilianstra\u00dfe 33\n83278 Traunstein\nE-Mail: aktion@freunde-traunreuts.de\nTel. +49 \/ 861 \/ 86 84 99 14\nFax +49 \/ 861 \/ 86 84 99 16<\/td>\n<td style=\"border: none;\"><img decoding=\"async\" class=\"aligncenter size-medium wp-image-143 no-border lazyload\" data-src=\"https:\/\/www.freunde-traunreuts.de\/wp-content\/uploads\/2018\/11\/freundetraunreuts_logo-300x300.png\" alt=\"Logo Freunde Traunreuts\" width=\"200\" height=\"200\" data-srcset=\"https:\/\/www.freunde-traunreuts.de\/wp-content\/uploads\/2018\/11\/freundetraunreuts_logo-300x300.png 300w, https:\/\/www.freunde-traunreuts.de\/wp-content\/uploads\/2018\/11\/freundetraunreuts_logo-150x150.png 150w, https:\/\/www.freunde-traunreuts.de\/wp-content\/uploads\/2018\/11\/freundetraunreuts_logo-768x768.png 768w, https:\/\/www.freunde-traunreuts.de\/wp-content\/uploads\/2018\/11\/freundetraunreuts_logo.png 800w\" data-sizes=\"(max-width: 200px) 100vw, 200px\" src=\"data:image\/svg+xml;base64,PHN2ZyB3aWR0aD0iMSIgaGVpZ2h0PSIxIiB4bWxucz0iaHR0cDovL3d3dy53My5vcmcvMjAwMC9zdmciPjwvc3ZnPg==\" style=\"--smush-placeholder-width: 200px; --smush-placeholder-aspect-ratio: 200\/200;\" \/><\/td>\n<\/tr>\n<\/tbody>\n<\/table>\nHerzliche Gr\u00fc\u00dfe\nIhr\n<i>Michael Mollner<\/i> im Namen der Freunde Traunreuts\t\t\t\t\t\t\t\t<\/div>\n\t\t\t\t<\/div>\n\t\t\t\t\t<\/div>\n\t\t<\/div>\n\t\t\t\t\t<\/div>\n\t\t<\/section>\n\t\t\t\t<\/div>\n\t\t","protected":false},"excerpt":{"rendered":"<p>Wer wir sind? Wir sind einige beherzte B\u00fcrger denen etwas am Wohle ihrer Stadt liegt! In einem losen Verbund \u2013 also nicht als eingetragener Verein (e.V.) \u2013 haben wir uns zusammengefunden. Was uns verbindet ist das gemeinsame Ziel, aktiv unsere Stadt bei Themen mitzugestalten, bei denen wir einen Handlungsbedarf sehen. Wir sind Alt und Jung, <a href=\"https:\/\/www.freunde-traunreuts.de\/\" class=\"more-link\">...weiterlesen<span class=\"screen-reader-text\"> \"Freunde Traunreuts\"<\/span><\/a><\/p>\n","protected":false},"author":2,"featured_media":160,"parent":0,"menu_order":0,"comment_status":"closed","ping_status":"closed","template":"","meta":{"footnotes":""},"class_list":["post-85","page","type-page","status-publish","has-post-thumbnail","h-entry","hentry","h-as-page"],"_links":{"self":[{"href":"https:\/\/www.freunde-traunreuts.de\/index.php?rest_route=\/wp\/v2\/pages\/85","targetHints":{"allow":["GET"]}}],"collection":[{"href":"https:\/\/www.freunde-traunreuts.de\/index.php?rest_route=\/wp\/v2\/pages"}],"about":[{"href":"https:\/\/www.freunde-traunreuts.de\/index.php?rest_route=\/wp\/v2\/types\/page"}],"author":[{"embeddable":true,"href":"https:\/\/www.freunde-traunreuts.de\/index.php?rest_route=\/wp\/v2\/users\/2"}],"replies":[{"embeddable":true,"href":"https:\/\/www.freunde-traunreuts.de\/index.php?rest_route=%2Fwp%2Fv2%2Fcomments&post=85"}],"version-history":[{"count":43,"href":"https:\/\/www.freunde-traunreuts.de\/index.php?rest_route=\/wp\/v2\/pages\/85\/revisions"}],"predecessor-version":[{"id":356,"href":"https:\/\/www.freunde-traunreuts.de\/index.php?rest_route=\/wp\/v2\/pages\/85\/revisions\/356"}],"wp:featuredmedia":[{"embeddable":true,"href":"https:\/\/www.freunde-traunreuts.de\/index.php?rest_route=\/wp\/v2\/media\/160"}],"wp:attachment":[{"href":"https:\/\/www.freunde-traunreuts.de\/index.php?rest_route=%2Fwp%2Fv2%2Fmedia&parent=85"}],"curies":[{"name":"wp","href":"https:\/\/api.w.org\/{rel}","templated":true}]}}