{"id":236,"date":"2019-06-20T13:02:58","date_gmt":"2019-06-20T11:02:58","guid":{"rendered":"http:\/\/www.freunde-traunreuts.de\/?page_id=236"},"modified":"2022-11-02T15:05:12","modified_gmt":"2022-11-02T14:05:12","slug":"news","status":"publish","type":"page","link":"https:\/\/www.freunde-traunreuts.de\/?page_id=236","title":{"rendered":"News"},"content":{"rendered":"\t\t<div data-elementor-type=\"wp-post\" data-elementor-id=\"236\" class=\"elementor elementor-236\">\n\t\t\t\t\t\t<section class=\"elementor-section elementor-top-section elementor-element elementor-element-bc9e6bc elementor-section-boxed elementor-section-height-default elementor-section-height-default\" data-id=\"bc9e6bc\" data-element_type=\"section\" data-e-type=\"section\">\n\t\t\t\t\t\t<div class=\"elementor-container elementor-column-gap-default\">\n\t\t\t\t\t<div class=\"elementor-column elementor-col-100 elementor-top-column elementor-element elementor-element-91bec5e\" data-id=\"91bec5e\" data-element_type=\"column\" data-e-type=\"column\">\n\t\t\t<div class=\"elementor-widget-wrap elementor-element-populated\">\n\t\t\t\t\t\t<div class=\"elementor-element elementor-element-44e7503 elementor-widget elementor-widget-text-editor\" data-id=\"44e7503\" data-element_type=\"widget\" data-e-type=\"widget\" data-widget_type=\"text-editor.default\">\n\t\t\t\t<div class=\"elementor-widget-container\">\n\t\t\t\t\t\t\t\t\t<div><span style=\"font-family: Calibri, sans-serif; color: #000000;\"><b>Am Sonntag, 7. Juli 2019 wurde bez\u00fcglich der zwei noch offenen B\u00fcrgerentscheide in Traunreut gew\u00e4hlt!<\/b><\/span><\/div>\n<div><span style=\"font-family: Calibri, sans-serif; font-size: small; color: #000000;\">\u00a0<\/span><\/div>\n<div><span style=\"font-family: Calibri, sans-serif; color: #000000;\">Das Ergebnis war ganz eindeutig, das Quorum (20 % der W\u00e4hler, die sich f\u00fcr eine der Wahlm\u00f6glichkeiten h\u00e4tte entscheiden m\u00fcssen) wurde deutlich nicht erreicht. Weder bei den B\u00fcrgerbegehren der Freunde Traunreuts, noch bei den Ratsbegehren des Stadtrats. Juristisch betrachtet sind die beiden B\u00fcrgerbegehren und die beiden Ratsbegehren somit gescheitert und erledigt.<\/span><\/div>\n<div><span style=\"font-family: Calibri, sans-serif; color: #000000;\">\u00a0<\/span><\/div>\n<div><span style=\"font-family: Calibri, sans-serif; color: #000000;\">Wir wurden nach der Wahl gefragt, was wir glauben, warum die Wahlbeteiligung so niedrig war? Bei den B\u00fcrgerentscheiden in 2013 waren es noch \u00fcber 40 % Wahlbeteiligung, jetzt unter 20 %, also nicht einmal die H\u00e4lfte. Warum? Das ist schwer zu beantworten. Das Wetter war eigentlich ideal (nicht zu sch\u00f6n und nicht zu schlecht). Wir haben \u00fcber zwei verschiedene Zeitungsmedien weit \u00fcber 10.000 Prospekte verteilt, am Samstag vor der Wahl nochmals h\u00e4ndisch Prospekte im Stadtgebiet verteilt, Plakate aufgestellt, es kamen viele Berichte in den Medien, wir hatten \u00fcber ein Quartal lang an 11 Wochenenden ja gut 4.400 Unterschriften gesammelt und damit gesch\u00e4tzt zu etwa 2.500 bis 3.000 B\u00fcrgern Kontakt gehabt (da manche B\u00fcrger ja f\u00fcr beide oder alle drei B\u00fcrgerbegehren unterschrieben hatten, waren es folglich weniger B\u00fcrger als geleistete Unterschriften). Was h\u00e4tte man nun noch besser machen k\u00f6nnen um die Wahlbeteiligung zu erh\u00f6hen? Ganz ehrlich, wir wissen es nicht. Einige B\u00fcrger hatten bei den Infost\u00e4nden und auch beim Verteilen der Prospekte gesagt, dass sie in 2013 schon f\u00fcr eines der Themen abgestimmt hatten und nun nicht mehr zur Wahl gingen weil der Stadtrat eh macht was er will \u2013 wir glauben nicht, dass das ausschlaggebend war. Andere B\u00fcrger hatten bem\u00e4ngelt dass die Stimmzettel so unklar formuliert gewesen seien, dass man gar nicht wisse, was man h\u00e4tte ankreuzen sollen. Zugegeben, einfach war das nicht, aber auch hier glauben wir nicht, dass dies zu einer Halbierung der Wahlbeteiligung im Vergleich zu fr\u00fcher gef\u00fchrt hat. Schade und f\u00fcr uns nat\u00fcrlich auch ein wenig entt\u00e4uschend dass das Quorum nicht erreicht worden ist. Dank aber an alle B\u00fcrger die gew\u00e4hlt haben sowie an alle Helfer f\u00fcr deren Einsatz sowie an alle Spender.<\/span><\/div>\n<div><span style=\"font-family: Calibri, sans-serif;  color: #000000;\">\u00a0<\/span><\/div>\n<div><span style=\"font-family: Calibri, sans-serif; color: #000000;\">Wie gesagt, juristisch ist das Thema somit erledigt und wenn insgesamt nur 100 B\u00fcrger abgestimmt h\u00e4tten k\u00f6nnte man auch sagen, dass eine tiefergehende Analyse nicht zweckm\u00e4\u00dfig sei. So aber waren es ja doch 2.815 B\u00fcrger, die abgestimmt haben; ein Grund, das analytisch im Sinne einer Wahlanalyse nochmals aufzuarbeiten und Schlussfolgerungen zu ziehen. <\/span><\/div>\n<div><span style=\"font-family: Calibri, sans-serif; color: #000000;\">\u00a0<\/span><\/div>\n<div><span style=\"font-family: Calibri, sans-serif; color: #000000;\">W\u00e4hrend sich bei dem Thema <b><u>B\u00fccherei<\/u><\/b> beim Ratsbegehren ein mehrheitliches JA und beim B\u00fcrgerbegehren der Freunde Traunreuts ein mehrheitliches NEIN ergab, kam beim Thema <b><u>Volksfest<\/u><\/b>eine interessante Konstellation als Wahlergebnis zustande. Was wollten die Beteiligten? Beim B\u00fcrgerbegehren der Freunde Traunreuts wollte man ein attraktives Volksfest am Stadtrand. Das Ergebnis der Wahl war, dass die Mehrheit der abgegebenen Stimmen hier mit 1.347 mit Nein gestimmt hat, folglich kein Volksfest am Stadtrand m\u00f6chte. Beim Ratsbegehren des Stadtrats wollte die Mehrheit des Stadtrats ein zentrumsnahes Volksfest. Das Ergebnis dieser Wahl war, dass die Mehrheit der abgegebenen Stimmen hier mit 1.307 Stimmen und ebenfalls mit Nein gestimmt hat, folglich auch kein Volksfest im Zentrum m\u00f6chte. Wenn die Mehrheit der abgegebenen Stimmen also bei beiden Begehren bei Nein liegt, und somit mehrheitlich weder ein Volksfest am Stadtrand noch in der Stadtmitte gew\u00fcnscht wird, w\u00e4re folglich die Schlussfolgerung, dass die Mehrheit der abgegebenen Stimmen (entgegen dem Ansinnen von den Freunden Traunreuts wie auch dem Stadtrat) gar kein Volksfest w\u00fcnscht. Eine interessante Erkenntnis.<\/span><\/div>\n<div><span style=\"font-family: Calibri, sans-serif; font-size: small; color: #000000;\">\u00a0<\/span><\/div>\n<div><span style=\"font-family: Calibri, sans-serif; color: #000000;\">Thema 3 war ja der Ausbau der <b><u>Fr\u00fchlinger-Spitz-Stra\u00dfe<\/u><\/b>. Wie berichtet, hatte sich der Stadtrat hier ja vollumf\u00e4nglich dem erfolgreich eingereichten B\u00fcrgerbegehren der Freunde Traunreuts angeschlossen. Wenigstens dieser f\u00fcr Traunreut wichtige Punkt konnte erreicht werden. Es bleibt zu hoffen, dass der Stadtrat das z\u00fcgig umsetzen kann.<\/span><\/div>\t\t\t\t\t\t\t\t<\/div>\n\t\t\t\t<\/div>\n\t\t\t\t<div class=\"elementor-element elementor-element-76162b7 elementor-widget elementor-widget-spacer\" data-id=\"76162b7\" data-element_type=\"widget\" data-e-type=\"widget\" data-widget_type=\"spacer.default\">\n\t\t\t\t<div class=\"elementor-widget-container\">\n\t\t\t\t\t\t\t<div class=\"elementor-spacer\">\n\t\t\t<div class=\"elementor-spacer-inner\"><\/div>\n\t\t<\/div>\n\t\t\t\t\t\t<\/div>\n\t\t\t\t<\/div>\n\t\t\t\t<div class=\"elementor-element elementor-element-b9006b9 elementor-widget elementor-widget-text-editor\" data-id=\"b9006b9\" data-element_type=\"widget\" data-e-type=\"widget\" data-widget_type=\"text-editor.default\">\n\t\t\t\t<div class=\"elementor-widget-container\">\n\t\t\t\t\t\t\t\t\t<p><span style=\"color: #000000;\"><strong>Vom 20. Juni 2019: Nur mehr 2 Wochen bis zur Wahl \u2026<\/strong><\/span><\/p><p><span style=\"color: #000000;\">Bald ist es soweit, am 7. Juli 2019 kommt es zur Abstimmung zu den B\u00fcrgerentscheiden.<\/span><\/p>\t\t\t\t\t\t\t\t<\/div>\n\t\t\t\t<\/div>\n\t\t\t\t\t<\/div>\n\t\t<\/div>\n\t\t\t\t\t<\/div>\n\t\t<\/section>\n\t\t\t\t<section class=\"elementor-section elementor-top-section elementor-element elementor-element-6a992f3 elementor-section-boxed elementor-section-height-default elementor-section-height-default\" data-id=\"6a992f3\" data-element_type=\"section\" data-e-type=\"section\">\n\t\t\t\t\t\t<div class=\"elementor-container elementor-column-gap-default\">\n\t\t\t\t\t<div class=\"elementor-column elementor-col-66 elementor-top-column elementor-element elementor-element-2dde42d\" data-id=\"2dde42d\" data-element_type=\"column\" data-e-type=\"column\">\n\t\t\t<div class=\"elementor-widget-wrap elementor-element-populated\">\n\t\t\t\t\t\t<div class=\"elementor-element elementor-element-537f69e elementor-widget elementor-widget-text-editor\" data-id=\"537f69e\" data-element_type=\"widget\" data-e-type=\"widget\" data-widget_type=\"text-editor.default\">\n\t\t\t\t<div class=\"elementor-widget-container\">\n\t\t\t\t\t\t\t\t\t<p style=\"text-align: justify;\"><span style=\"color: #000000;\"><em><strong>Thema 1<\/strong><\/em> ist der Ausbau der\u00a0<strong>Fr\u00fchlinger-Spitz-Stra\u00dfe<\/strong>. Wie berichtet, hatte sich der Stadtrat hier ja vollumf\u00e4nglich dem erfolgreich eingereichten B\u00fcrgerbegehren der Freunde Traunreuts angeschlossen. Die Einsicht des Stadtrats dass dies der richtige Weg ist, freut uns sehr und wir hoffen auf eine zeitnahe Planung und dass die Vertreter der B\u00fcrgerinitiative nun auch im Rahmen der M\u00f6glichkeiten bei den Planungen mit dabei sein k\u00f6nnen.\u00a0Schade dagegen ist, dass sich einige Stadtr\u00e4te wohl um sich vor den bevorstehenden Kommunalwahlen noch ins rechte Licht r\u00fccken zu wollen nun darauf hinausreden, dass man das seinerzeit nur abgelehnt habe, weil angeblich einige Planungen noch nicht vorgelegen haben sollen. Nun, bei der seinerzeitigen Abstimmung h\u00e4tten genau jene Stadtr\u00e4te statt sich einer Planung f\u00fcr einen Ausbau generell mit deren ablehnenden Haltung zu verweigern ja zustimmen k\u00f6nnen mit dem Hinweis, dass auch andere bestandsnahe Trassen mit untersucht werden sollen.<br>Es ist nun echt billig, statt einen Fehler bei der seinerzeitigen Abstimmung einzugestehen, nun anderen den schwarzen Peter zuschieben zu wollen. Schade und entt\u00e4uschend!\u00a0<strong>Nichts desto trotz: 1:0 f\u00fcr die B\u00fcrger, denn der B\u00fcrgerentscheid ist angenommen und es kann mehr f\u00fcr die Verkehrssicherheit in jenem Bereich getan werden<\/strong>.<\/span>\t\t\t\t\t\t\t\t<\/div>\n\t\t\t\t<\/div>\n\t\t\t\t\t<\/div>\n\t\t<\/div>\n\t\t\t\t<div class=\"elementor-column elementor-col-33 elementor-top-column elementor-element elementor-element-af0b2cf\" data-id=\"af0b2cf\" data-element_type=\"column\" data-e-type=\"column\">\n\t\t\t<div class=\"elementor-widget-wrap elementor-element-populated\">\n\t\t\t\t\t\t<div class=\"elementor-element elementor-element-fa8960a elementor-widget elementor-widget-image\" data-id=\"fa8960a\" data-element_type=\"widget\" data-e-type=\"widget\" data-widget_type=\"image.default\">\n\t\t\t\t<div class=\"elementor-widget-container\">\n\t\t\t\t\t\t\t\t\t\t\t\t\t\t\t\t<a href=\"http:\/\/www.freunde-traunreuts.de\/wp-content\/uploads\/2019\/07\/plakat_korr4.jpg\" data-elementor-open-lightbox=\"yes\" data-elementor-lightbox-title=\"plakat_korr4\" data-e-action-hash=\"#elementor-action%3Aaction%3Dlightbox%26settings%3DeyJpZCI6MjYzLCJ1cmwiOiJodHRwczpcL1wvd3d3LmZyZXVuZGUtdHJhdW5yZXV0cy5kZVwvd3AtY29udGVudFwvdXBsb2Fkc1wvMjAxOVwvMDdcL3BsYWthdF9rb3JyNC5qcGcifQ%3D%3D\">\n\t\t\t\t\t\t\t<img fetchpriority=\"high\" decoding=\"async\" width=\"768\" height=\"1087\" src=\"https:\/\/www.freunde-traunreuts.de\/wp-content\/uploads\/2019\/07\/plakat_korr4-768x1087.jpg\" class=\"attachment-medium_large size-medium_large wp-image-263\" alt=\"\" srcset=\"https:\/\/www.freunde-traunreuts.de\/wp-content\/uploads\/2019\/07\/plakat_korr4-768x1087.jpg 768w, https:\/\/www.freunde-traunreuts.de\/wp-content\/uploads\/2019\/07\/plakat_korr4-212x300.jpg 212w, https:\/\/www.freunde-traunreuts.de\/wp-content\/uploads\/2019\/07\/plakat_korr4-723x1024.jpg 723w, https:\/\/www.freunde-traunreuts.de\/wp-content\/uploads\/2019\/07\/plakat_korr4-960x1359.jpg 960w, https:\/\/www.freunde-traunreuts.de\/wp-content\/uploads\/2019\/07\/plakat_korr4.jpg 1447w\" sizes=\"(max-width: 768px) 100vw, 768px\" \/>\t\t\t\t\t\t\t\t<\/a>\n\t\t\t\t\t\t\t\t\t\t\t\t\t\t\t<\/div>\n\t\t\t\t<\/div>\n\t\t\t\t\t<\/div>\n\t\t<\/div>\n\t\t\t\t\t<\/div>\n\t\t<\/section>\n\t\t\t\t<section class=\"elementor-section elementor-top-section elementor-element elementor-element-98c5f24 elementor-section-boxed elementor-section-height-default elementor-section-height-default\" data-id=\"98c5f24\" data-element_type=\"section\" data-e-type=\"section\">\n\t\t\t\t\t\t<div class=\"elementor-container elementor-column-gap-default\">\n\t\t\t\t\t<div class=\"elementor-column elementor-col-100 elementor-top-column elementor-element elementor-element-be1fcc4\" data-id=\"be1fcc4\" data-element_type=\"column\" data-e-type=\"column\">\n\t\t\t<div class=\"elementor-widget-wrap elementor-element-populated\">\n\t\t\t\t\t\t<div class=\"elementor-element elementor-element-cd64346 elementor-widget elementor-widget-text-editor\" data-id=\"cd64346\" data-element_type=\"widget\" data-e-type=\"widget\" data-widget_type=\"text-editor.default\">\n\t\t\t\t<div class=\"elementor-widget-container\">\n\t\t\t\t\t\t\t\t\t<p><span style=\"color: #000000;\"><strong><em>Thema 2<\/em><\/strong> ist\u00a0<strong>Miete statt Neubau f\u00fcr die Stadtb\u00fccherei<\/strong>. Sch\u00f6n, dass sich jetzt eine Initiative gegen den B\u00fcrgerentscheid formiert. W\u00e4re sch\u00f6n gewesen, wenn jene Personen dasselbe Engagement in den letzten 6 Jahren seit dem letzten B\u00fcrgerentscheid an den Tag gelegt h\u00e4tten, bei dem sich schon einmal rund 72 % (!) der B\u00fcrger\u00a0gegen den Neubau einer Stadtb\u00fccherei\u00a0entschieden hatten, um eine L\u00f6sung zu finden. Argumentationen wie dass der aktuelle Anteil an E-Books erneut die Erwartungen nicht erf\u00fcllt habe (was damit quasi eine Argumentation f\u00fcr das gedruckte Buch sein soll?) ist in etwa so sinnvoll, wie dass die Anzahl der zugelassenen E-Autos weit hinter den Erwartungen der Bundesregierung zur\u00fcckgeblieben ist. Die Ver\u00e4nderungen werden dennoch kommen, das ist eine Frage der Zeit.\u00a0Und man muss sich ja auch einmal fragen was eigentlich geschehen w\u00e4re, wenn man seinerzeit die Stadtb\u00fccherei gebaut h\u00e4tte? Dann w\u00fcrde man jetzt in Flickschusterei noch irgendwo eine VHS errichten und h\u00e4tte folglich zwei Geb\u00e4ude, mit zwei Verwaltungsbereichen, zwei Heizungen, zweimal Personal, zweimal Parkpl\u00e4tzen, etc. . Und in einigen Jahren dann ein erneuertes Heimathaus, und dann ein einer Stadt unserer Gr\u00f6\u00dfenordnung w\u00fcrdiges Stadtarchiv und dann irgendwann ein Stadtmuseum \u2013 von dem immer wieder gesprochen wird, aber bislang nichts konkret geplant wurde. Armselig \u2013 kein ganzheitliches, nachhaltiges Konzept f\u00fcr all jene \u00f6ffentlichen Geb\u00e4ude, sondern einfach mal irgendwie ein vermeintliches Problem gel\u00f6st. Da war der Stadtrat vor 20 Jahren mit seiner seinerzeitigen Planung schon einmal weiter.\u00a0<strong>Wir sind der Meinung, dass das so, wie die Mehrheit des Stadtrats sich das vorstellt eben nicht geht und hoffen auf die Unterst\u00fctzung der B\u00fcrger am 7. Juli 2019 mit einem konsequenten Nein zu einem derzeit geplanten Neubau.<\/strong><\/span><\/p>\t\t\t\t\t\t\t\t<\/div>\n\t\t\t\t<\/div>\n\t\t\t\t\t<\/div>\n\t\t<\/div>\n\t\t\t\t\t<\/div>\n\t\t<\/section>\n\t\t\t\t<section class=\"elementor-section elementor-top-section elementor-element elementor-element-a844e1b elementor-section-boxed elementor-section-height-default elementor-section-height-default\" data-id=\"a844e1b\" data-element_type=\"section\" data-e-type=\"section\">\n\t\t\t\t\t\t<div class=\"elementor-container elementor-column-gap-default\">\n\t\t\t\t\t<div class=\"elementor-column elementor-col-100 elementor-top-column elementor-element elementor-element-643652b\" data-id=\"643652b\" data-element_type=\"column\" data-e-type=\"column\">\n\t\t\t<div class=\"elementor-widget-wrap elementor-element-populated\">\n\t\t\t\t\t\t<div class=\"elementor-element elementor-element-985108b elementor-widget elementor-widget-text-editor\" data-id=\"985108b\" data-element_type=\"widget\" data-e-type=\"widget\" data-widget_type=\"text-editor.default\">\n\t\t\t\t<div class=\"elementor-widget-container\">\n\t\t\t\t\t\t\t\t\t<p><span style=\"color: #000000;\"><em><strong>Thema 3<\/strong><\/em> ist die\u00a0<strong>Neueinf\u00fchrung des Volksfestes in Traunreut<\/strong>. Dass wir mit der manipulierenden Stichfrage zur Abstimmung beim Thema Volksfest nicht einverstanden waren, dar\u00fcber hatten wir ja schon berichtet und auch dar\u00fcber, dass der Stadtrat leider nie auf die Freunde Traunreuts wegen einer einvernehmlichen L\u00f6sung bez\u00fcglich der Standortfrage zugegangen ist und statt dessen ein Ratsbegehren dagegengesetzt hat \u2013 der anstehende Kommunalwahlkampf l\u00e4sst gr\u00fc\u00dfen.\u00a0Inhaltlich besteht der Unterschied zwischen B\u00fcrgerinitiative und Stadtratsmehrheit in Folgendem: W\u00e4hrend beim B\u00fcrgerbegehren ein mittelfristig dauerhafter Betrieb eines Volksfestes in Ortsrandlage vorgesehen ist (bei wechselseitiger Nutzung mit Messen, Zirkus, Lkw Parkplatz f\u00fcr lokale Anlieger, etc.) will die Stadtratsmehrheit in ihrem Ratsbegehren einen dauerhaften Platz in der Innenstadt (mit L\u00e4rm f\u00fcr die Anwohner, Parkplatznot, und keinem Platz \u2013 denn ein erfolgreiches Volksfest braucht ca. 20.000 m\u00b2 Platz, wo im Zentrum soll das denn sein? Und ein Volksfest im Ausma\u00df eines W\u00fcrstelbudenniveaus, das brauchen wir nicht \u2013 aber wir lassen uns gerne \u00fcberraschen).\u00a0<strong>Jeder, der ein wenig \u201eFl\u00e4chenberechnung\u201c beherrscht wei\u00df, dass der Platz auf dem Marktplatz an der Eichendorffstra\u00dfe hinter dem Postgeb\u00e4ude daf\u00fcr nicht ausreicht, vom L\u00e4rm ganz zu schweigen. Auch hier hoffen wir auf eine aktive Unterst\u00fctzung durch die B\u00fcrgerschaft am 7. Juli 2019.<\/strong><\/span><\/p>\t\t\t\t\t\t\t\t<\/div>\n\t\t\t\t<\/div>\n\t\t\t\t<div class=\"elementor-element elementor-element-f6fa5d4 elementor-widget elementor-widget-text-editor\" data-id=\"f6fa5d4\" data-element_type=\"widget\" data-e-type=\"widget\" data-widget_type=\"text-editor.default\">\n\t\t\t\t<div class=\"elementor-widget-container\">\n\t\t\t\t\t\t\t\t\t<h3><span style=\"color: #000000;\"><strong>Unser Aufruf:<\/strong><\/span><\/h3>\n<div><span style=\"color: #000000;\"><strong><span style=\"color: #339966;\">Wir w\u00fcrden uns freuen, wenn die B\u00fcrger zahlreich zur Wahl gehen w\u00fcrden, einerseits um das Quorum von 20 % zu erreichen und andererseits nat\u00fcrlich, um unsere beiden noch offenen B\u00fcrgerentscheide zu unterst\u00fctzen.<\/span>\u00a0<\/strong><\/span><\/div>\n<div><span style=\"color: #ff0000;\"><strong>Dazu ist es notwendig, auf den beiden Stimmzetteln (wei\u00df und hellblau) bei den Ratsbegehren jeweils \u201enein\u201c und bei den B\u00fcrgerbegehren jeweils \u201eja\u201c anzukreuzen und am Stimmzettel unten bei der Stichfrage jeweils das rechte Feld \u201eAblehnung\u201c.<\/strong><\/span><\/div>\t\t\t\t\t\t\t\t<\/div>\n\t\t\t\t<\/div>\n\t\t\t\t\t<\/div>\n\t\t<\/div>\n\t\t\t\t\t<\/div>\n\t\t<\/section>\n\t\t\t\t<section class=\"elementor-section elementor-top-section elementor-element elementor-element-96b9761 elementor-section-boxed elementor-section-height-default elementor-section-height-default\" data-id=\"96b9761\" data-element_type=\"section\" data-e-type=\"section\">\n\t\t\t\t\t\t<div class=\"elementor-container elementor-column-gap-default\">\n\t\t\t\t\t<div class=\"elementor-column elementor-col-100 elementor-top-column elementor-element elementor-element-b83f423\" data-id=\"b83f423\" data-element_type=\"column\" data-e-type=\"column\">\n\t\t\t<div class=\"elementor-widget-wrap elementor-element-populated\">\n\t\t\t\t\t\t<section class=\"elementor-section elementor-inner-section elementor-element elementor-element-0b5aa34 elementor-section-boxed elementor-section-height-default elementor-section-height-default\" data-id=\"0b5aa34\" data-element_type=\"section\" data-e-type=\"section\">\n\t\t\t\t\t\t<div class=\"elementor-container elementor-column-gap-default\">\n\t\t\t\t\t<div class=\"elementor-column elementor-col-50 elementor-inner-column elementor-element elementor-element-8cb918c\" data-id=\"8cb918c\" data-element_type=\"column\" data-e-type=\"column\">\n\t\t\t<div class=\"elementor-widget-wrap elementor-element-populated\">\n\t\t\t\t\t\t<div class=\"elementor-element elementor-element-8e54308 elementor-widget elementor-widget-image\" data-id=\"8e54308\" data-element_type=\"widget\" data-e-type=\"widget\" data-widget_type=\"image.default\">\n\t\t\t\t<div class=\"elementor-widget-container\">\n\t\t\t\t\t\t\t\t\t\t\t\t\t\t\t\t<a href=\"http:\/\/www.freunde-traunreuts.de\/wp-content\/uploads\/2019\/07\/flyer4seiten_1_korr5.jpg\" data-elementor-open-lightbox=\"yes\" data-elementor-lightbox-title=\"flyer4seiten_1_korr5\" data-e-action-hash=\"#elementor-action%3Aaction%3Dlightbox%26settings%3DeyJpZCI6MjYwLCJ1cmwiOiJodHRwczpcL1wvd3d3LmZyZXVuZGUtdHJhdW5yZXV0cy5kZVwvd3AtY29udGVudFwvdXBsb2Fkc1wvMjAxOVwvMDdcL2ZseWVyNHNlaXRlbl8xX2tvcnI1LmpwZyJ9\">\n\t\t\t\t\t\t\t<img decoding=\"async\" width=\"960\" height=\"679\" data-src=\"https:\/\/www.freunde-traunreuts.de\/wp-content\/uploads\/2019\/07\/flyer4seiten_1_korr5-1024x724.jpg\" class=\"attachment-large size-large wp-image-260 lazyload\" alt=\"\" data-srcset=\"https:\/\/www.freunde-traunreuts.de\/wp-content\/uploads\/2019\/07\/flyer4seiten_1_korr5-1024x724.jpg 1024w, https:\/\/www.freunde-traunreuts.de\/wp-content\/uploads\/2019\/07\/flyer4seiten_1_korr5-300x212.jpg 300w, https:\/\/www.freunde-traunreuts.de\/wp-content\/uploads\/2019\/07\/flyer4seiten_1_korr5-768x543.jpg 768w, https:\/\/www.freunde-traunreuts.de\/wp-content\/uploads\/2019\/07\/flyer4seiten_1_korr5-960x679.jpg 960w, https:\/\/www.freunde-traunreuts.de\/wp-content\/uploads\/2019\/07\/flyer4seiten_1_korr5.jpg 1654w\" data-sizes=\"(max-width: 960px) 100vw, 960px\" src=\"data:image\/svg+xml;base64,PHN2ZyB3aWR0aD0iMSIgaGVpZ2h0PSIxIiB4bWxucz0iaHR0cDovL3d3dy53My5vcmcvMjAwMC9zdmciPjwvc3ZnPg==\" style=\"--smush-placeholder-width: 960px; --smush-placeholder-aspect-ratio: 960\/679;\" \/>\t\t\t\t\t\t\t\t<\/a>\n\t\t\t\t\t\t\t\t\t\t\t\t\t\t\t<\/div>\n\t\t\t\t<\/div>\n\t\t\t\t\t<\/div>\n\t\t<\/div>\n\t\t\t\t<div class=\"elementor-column elementor-col-50 elementor-inner-column elementor-element elementor-element-7d5d5d1\" data-id=\"7d5d5d1\" data-element_type=\"column\" data-e-type=\"column\">\n\t\t\t<div class=\"elementor-widget-wrap elementor-element-populated\">\n\t\t\t\t\t\t<div class=\"elementor-element elementor-element-682f857 elementor-widget elementor-widget-image\" data-id=\"682f857\" data-element_type=\"widget\" data-e-type=\"widget\" data-widget_type=\"image.default\">\n\t\t\t\t<div class=\"elementor-widget-container\">\n\t\t\t\t\t\t\t\t\t\t\t\t\t\t\t\t<a href=\"http:\/\/www.freunde-traunreuts.de\/wp-content\/uploads\/2019\/07\/flyer4seiten_2_korr5.jpg\" data-elementor-open-lightbox=\"yes\" data-elementor-lightbox-title=\"flyer4seiten_2_korr5\" data-e-action-hash=\"#elementor-action%3Aaction%3Dlightbox%26settings%3DeyJpZCI6MjYxLCJ1cmwiOiJodHRwczpcL1wvd3d3LmZyZXVuZGUtdHJhdW5yZXV0cy5kZVwvd3AtY29udGVudFwvdXBsb2Fkc1wvMjAxOVwvMDdcL2ZseWVyNHNlaXRlbl8yX2tvcnI1LmpwZyJ9\">\n\t\t\t\t\t\t\t<img decoding=\"async\" width=\"960\" height=\"679\" data-src=\"https:\/\/www.freunde-traunreuts.de\/wp-content\/uploads\/2019\/07\/flyer4seiten_2_korr5-1024x724.jpg\" class=\"attachment-large size-large wp-image-261 lazyload\" alt=\"\" data-srcset=\"https:\/\/www.freunde-traunreuts.de\/wp-content\/uploads\/2019\/07\/flyer4seiten_2_korr5-1024x724.jpg 1024w, https:\/\/www.freunde-traunreuts.de\/wp-content\/uploads\/2019\/07\/flyer4seiten_2_korr5-300x212.jpg 300w, https:\/\/www.freunde-traunreuts.de\/wp-content\/uploads\/2019\/07\/flyer4seiten_2_korr5-768x543.jpg 768w, https:\/\/www.freunde-traunreuts.de\/wp-content\/uploads\/2019\/07\/flyer4seiten_2_korr5-960x679.jpg 960w, https:\/\/www.freunde-traunreuts.de\/wp-content\/uploads\/2019\/07\/flyer4seiten_2_korr5.jpg 1654w\" data-sizes=\"(max-width: 960px) 100vw, 960px\" src=\"data:image\/svg+xml;base64,PHN2ZyB3aWR0aD0iMSIgaGVpZ2h0PSIxIiB4bWxucz0iaHR0cDovL3d3dy53My5vcmcvMjAwMC9zdmciPjwvc3ZnPg==\" style=\"--smush-placeholder-width: 960px; --smush-placeholder-aspect-ratio: 960\/679;\" \/>\t\t\t\t\t\t\t\t<\/a>\n\t\t\t\t\t\t\t\t\t\t\t\t\t\t\t<\/div>\n\t\t\t\t<\/div>\n\t\t\t\t\t<\/div>\n\t\t<\/div>\n\t\t\t\t\t<\/div>\n\t\t<\/section>\n\t\t\t\t\t<\/div>\n\t\t<\/div>\n\t\t\t\t\t<\/div>\n\t\t<\/section>\n\t\t\t\t<\/div>\n\t\t","protected":false},"excerpt":{"rendered":"<p>Am Sonntag, 7. Juli 2019 wurde bez\u00fcglich der zwei noch offenen B\u00fcrgerentscheide in Traunreut gew\u00e4hlt! \u00a0 Das Ergebnis war ganz eindeutig, das Quorum (20 % der W\u00e4hler, die sich f\u00fcr eine der Wahlm\u00f6glichkeiten h\u00e4tte entscheiden m\u00fcssen) wurde deutlich nicht erreicht. Weder bei den B\u00fcrgerbegehren der Freunde Traunreuts, noch bei den Ratsbegehren des Stadtrats. Juristisch betrachtet <a href=\"https:\/\/www.freunde-traunreuts.de\/?page_id=236\" class=\"more-link\">...weiterlesen<span class=\"screen-reader-text\"> \"News\"<\/span><\/a><\/p>\n","protected":false},"author":2,"featured_media":256,"parent":0,"menu_order":0,"comment_status":"closed","ping_status":"closed","template":"","meta":{"footnotes":""},"class_list":["post-236","page","type-page","status-publish","has-post-thumbnail","h-entry","hentry","h-as-page"],"_links":{"self":[{"href":"https:\/\/www.freunde-traunreuts.de\/index.php?rest_route=\/wp\/v2\/pages\/236","targetHints":{"allow":["GET"]}}],"collection":[{"href":"https:\/\/www.freunde-traunreuts.de\/index.php?rest_route=\/wp\/v2\/pages"}],"about":[{"href":"https:\/\/www.freunde-traunreuts.de\/index.php?rest_route=\/wp\/v2\/types\/page"}],"author":[{"embeddable":true,"href":"https:\/\/www.freunde-traunreuts.de\/index.php?rest_route=\/wp\/v2\/users\/2"}],"replies":[{"embeddable":true,"href":"https:\/\/www.freunde-traunreuts.de\/index.php?rest_route=%2Fwp%2Fv2%2Fcomments&post=236"}],"version-history":[{"count":39,"href":"https:\/\/www.freunde-traunreuts.de\/index.php?rest_route=\/wp\/v2\/pages\/236\/revisions"}],"predecessor-version":[{"id":362,"href":"https:\/\/www.freunde-traunreuts.de\/index.php?rest_route=\/wp\/v2\/pages\/236\/revisions\/362"}],"wp:featuredmedia":[{"embeddable":true,"href":"https:\/\/www.freunde-traunreuts.de\/index.php?rest_route=\/wp\/v2\/media\/256"}],"wp:attachment":[{"href":"https:\/\/www.freunde-traunreuts.de\/index.php?rest_route=%2Fwp%2Fv2%2Fmedia&parent=236"}],"curies":[{"name":"wp","href":"https:\/\/api.w.org\/{rel}","templated":true}]}}