{"id":18,"date":"2018-10-24T12:33:08","date_gmt":"2018-10-24T10:33:08","guid":{"rendered":"https:\/\/www.freunde-traunreuts.de\/?page_id=18"},"modified":"2018-11-02T12:48:44","modified_gmt":"2018-11-02T11:48:44","slug":"volksfest","status":"publish","type":"page","link":"https:\/\/www.freunde-traunreuts.de\/?page_id=18","title":{"rendered":"Volksfest"},"content":{"rendered":"<h4>Wiedereinf\u00fchrung Volksfest in Traunreut<\/h4>\n<p class=\"want\">Sind Sie daf\u00fcr, dass Traunreut wieder ein Volksfest bekommt und die Stadt daf\u00fcr ein neues Konzept f\u00fcr ein j\u00e4hrliches Volksfest entwickelt und einen geeigneten Platz daf\u00fcr ausweist?<\/p>\n<p class=\"reason\">\n<b>Begr\u00fcndung<\/b><br \/>\nVor etlichen Jahren wurde auf die weitere Ausrichtung des Volksfests in Traunreut verzichtet, nachdem verschiedene Neuausrichtungen nicht den gew\u00fcnschten Zulauf an Besuchern erbracht haben und letztlich auch der vorhandene Festplatz nicht mehr zur Verf\u00fcgung stand. Das Volksfest im \u201ealten Format\u201c aufzulegen erachten wir auch nicht f\u00fcr sinnvoll, aber mit einem neuen Konzept glauben wir, dass man aus der B\u00fcrgerschaft eine positive Resonanz und entsprechende Besucherzahlen erhalten wird. Dieses Vorhaben sollte umgesetzt werden, weil:<\/p>\n<ul>\n<li>die Stadt Traunreut ihrer B\u00fcrgerschaft damit einen kleinen Teil davon zur\u00fcckgeben kann, was diese das ganze Jahr \u00fcber f\u00fcr die Stadt leistet (z.B. Steuern).<\/li>\n<li>nach bisherigen Recherchen einige lokale Brauereien Interesse an einer Beteiligung h\u00e4tten. Auch Vorgespr\u00e4che mit Vermittlern von Fieranten \/ Ausstellern verliefen positiv. Und auch ein Fachmann f\u00fcr Veranstaltungen dieser Gr\u00f6\u00dfenordnungen h\u00e4tte Interesse, sich hier mit einem neuen Konzept \/ Format des Volksfestes einzubringen (also nicht das zu machen, was in fr\u00fcheren Jahren nicht mehr funktioniert hat).\n<\/li>\n<li>zumindest \u00fcbergangsweise ein vorhandenes, zentrumsnahes Gebiet f\u00fcr das Volksfest dienen k\u00f6nnte, bis dauerhaft ein passender Platz am Ortsrand gefunden ist.<\/li>\n<li>eine letztendlich dauerhafte Positionierung am Stadtrand mit entsprechender Infrastruktur (Parkfl\u00e4chen, Shuttle-Service, etc.) eine dauerhafte L\u00f6sung f\u00fcr das Volksfest b\u00f6te, wie aber auch die M\u00f6glichkeit, wieder (Fach-)Messen ausrichten zu k\u00f6nnen \u2013 was der gr\u00f6\u00dften Stadt im Landkreis gut zu Gesicht stehen w\u00fcrde.<\/li>\n<li>in den Zeiten in denen der neue Platz nicht genutzt w\u00e4re, endlich Parkraum f\u00fcr Lkws und Busse vorhanden w\u00e4re und das \u201ewilde Parken\u201c in der Stadt aufh\u00f6rt.<\/li>\n<\/ul>\n","protected":false},"excerpt":{"rendered":"<p>Wiedereinf\u00fchrung Volksfest in Traunreut Sind Sie daf\u00fcr, dass Traunreut wieder ein Volksfest bekommt und die Stadt daf\u00fcr ein neues Konzept f\u00fcr ein j\u00e4hrliches Volksfest entwickelt und einen geeigneten Platz daf\u00fcr ausweist? Begr\u00fcndung Vor etlichen Jahren wurde auf die weitere Ausrichtung des Volksfests in Traunreut verzichtet, nachdem verschiedene Neuausrichtungen nicht den gew\u00fcnschten Zulauf an Besuchern erbracht <a href=\"https:\/\/www.freunde-traunreuts.de\/?page_id=18\" class=\"more-link\">...weiterlesen<span class=\"screen-reader-text\"> \"Volksfest\"<\/span><\/a><\/p>\n","protected":false},"author":2,"featured_media":155,"parent":0,"menu_order":0,"comment_status":"closed","ping_status":"closed","template":"","meta":{"footnotes":""},"class_list":["post-18","page","type-page","status-publish","has-post-thumbnail","h-entry","hentry","h-as-page"],"_links":{"self":[{"href":"https:\/\/www.freunde-traunreuts.de\/index.php?rest_route=\/wp\/v2\/pages\/18","targetHints":{"allow":["GET"]}}],"collection":[{"href":"https:\/\/www.freunde-traunreuts.de\/index.php?rest_route=\/wp\/v2\/pages"}],"about":[{"href":"https:\/\/www.freunde-traunreuts.de\/index.php?rest_route=\/wp\/v2\/types\/page"}],"author":[{"embeddable":true,"href":"https:\/\/www.freunde-traunreuts.de\/index.php?rest_route=\/wp\/v2\/users\/2"}],"replies":[{"embeddable":true,"href":"https:\/\/www.freunde-traunreuts.de\/index.php?rest_route=%2Fwp%2Fv2%2Fcomments&post=18"}],"version-history":[{"count":10,"href":"https:\/\/www.freunde-traunreuts.de\/index.php?rest_route=\/wp\/v2\/pages\/18\/revisions"}],"predecessor-version":[{"id":68,"href":"https:\/\/www.freunde-traunreuts.de\/index.php?rest_route=\/wp\/v2\/pages\/18\/revisions\/68"}],"wp:featuredmedia":[{"embeddable":true,"href":"https:\/\/www.freunde-traunreuts.de\/index.php?rest_route=\/wp\/v2\/media\/155"}],"wp:attachment":[{"href":"https:\/\/www.freunde-traunreuts.de\/index.php?rest_route=%2Fwp%2Fv2%2Fmedia&parent=18"}],"curies":[{"name":"wp","href":"https:\/\/api.w.org\/{rel}","templated":true}]}}