{"id":179,"date":"2018-11-02T14:27:03","date_gmt":"2018-11-02T13:27:03","guid":{"rendered":"https:\/\/www.freunde-traunreuts.de\/?page_id=179"},"modified":"2020-11-02T14:13:35","modified_gmt":"2020-11-02T13:13:35","slug":"praesenz","status":"publish","type":"page","link":"https:\/\/www.freunde-traunreuts.de\/?page_id=179","title":{"rendered":"Pr\u00e4senz"},"content":{"rendered":"<p align=\"justify\"><strong>Wir haben es geschafft!<\/strong><\/p>\n<p align=\"justify\">Wir haben die ben\u00f6tigten Unterschriften zusammen. Vielen Dank an alle, die hier als Organisatoren mitgewirkt haben und an alle, die hier ihre Unterst\u00fctzungsunterschriften abgegeben haben. Insgesamt ca. 4.300 Unterschriften f\u00fcr alle 3 B\u00fcrgerbegehren \u2013 eine echte Leistung aller Beteiligten.<\/p>\n<p align=\"justify\">\n<p align=\"justify\"><img fetchpriority=\"high\" decoding=\"async\" class=\"aligncenter wp-image-231 size-full\" src=\"http:\/\/www.freunde-traunreuts.de\/wp-content\/uploads\/2019\/03\/IMG_3933-e1553690324754.jpg\" alt=\"\" width=\"1800\" height=\"1200\" srcset=\"https:\/\/www.freunde-traunreuts.de\/wp-content\/uploads\/2019\/03\/IMG_3933-e1553690324754.jpg 1800w, https:\/\/www.freunde-traunreuts.de\/wp-content\/uploads\/2019\/03\/IMG_3933-e1553690324754-300x200.jpg 300w, https:\/\/www.freunde-traunreuts.de\/wp-content\/uploads\/2019\/03\/IMG_3933-e1553690324754-768x512.jpg 768w, https:\/\/www.freunde-traunreuts.de\/wp-content\/uploads\/2019\/03\/IMG_3933-e1553690324754-1024x683.jpg 1024w, https:\/\/www.freunde-traunreuts.de\/wp-content\/uploads\/2019\/03\/IMG_3933-e1553690324754-960x640.jpg 960w\" sizes=\"(max-width: 1800px) 100vw, 1800px\" \/><\/p>\n<p align=\"justify\">Einige der Mitstreiter der 3 B\u00fcrgerbegehren bei der \u00dcbergabe der Unterst\u00fctzungsunterschriften im Rathaus am 22. M\u00e4rz 2019 \u2013 v.l.n.r.: Julius Wachsmann, Anton Aicher, Susanne Ritzek, Michael Mollner und B\u00fcrgermeister Klaus Ritter <em>(Foto: Traunreuter Anzeiger)<\/em><\/p>\n<h5 align=\"justify\">Aktuelle Informationsst\u00e4nde:<\/h5>\n<ul>\n<li>\n<h6><span style=\"font-family: Calibri,sans-serif; font-size: small;\">Samstag, 17.11.2018, ca. 8.30 Uhr bis ca. 12.00 Uhr, Marktplatz (an der Eichendorffstr.) UND beim Hagebau Markt Traunreut UND bei EDEKA Kl\u00fcck<\/span><\/h6>\n<\/li>\n<\/ul>\n<p align=\"justify\">Wir m\u00f6chten uns bei folgenden Gesch\u00e4ften f\u00fcr deren bisherige Unterst\u00fctzung bedanken:<\/p>\n<ul>\n<li><span style=\"font-family: Calibri,sans-serif; font-size: small;\">Autohaus Opel G\u00fcnther, Trostbergerstra\u00dfe 4, Traunreut<\/span><\/li>\n<li><span style=\"font-family: Calibri,sans-serif; font-size: small;\">Autohaus VW\/Audi Schl\u00f6gl, Trostbergerstra\u00dfe 1&amp;3, Traunreut<\/span><\/li>\n<li><span style=\"font-family: Calibri,sans-serif; font-size: small;\">M\u00f6belhaus Jobst, Kirchholzweg 2, Traunreut<\/span><\/li>\n<li><span style=\"font-family: Calibri,sans-serif; font-size: small;\">Reischl\u2019s Reiseb\u00fcro, Carl-K\u00f6ttgen-Str. 2a, Traunreut<\/span><\/li>\n<li><span style=\"font-family: Calibri,sans-serif; font-size: small;\">Sowie bei allen B\u00fcrgerinnen und B\u00fcrgern, die uns hier aktiv unterst\u00fctzt haben!<\/span><\/li>\n<\/ul>\n<p>Wenn Ihnen unsere B\u00fcrgerbegehren zusagen (welche(s) auch immer), dann unterst\u00fctzen Sie uns bitte weiterhin mit einer Spende, mit Rat und Tat oder wie auch immer.<\/p>\n","protected":false},"excerpt":{"rendered":"<p>Wir haben es geschafft! Wir haben die ben\u00f6tigten Unterschriften zusammen. Vielen Dank an alle, die hier als Organisatoren mitgewirkt haben und an alle, die hier ihre Unterst\u00fctzungsunterschriften abgegeben haben. Insgesamt ca. 4.300 Unterschriften f\u00fcr alle 3 B\u00fcrgerbegehren \u2013 eine echte Leistung aller Beteiligten. Einige der Mitstreiter der 3 B\u00fcrgerbegehren bei der \u00dcbergabe der Unterst\u00fctzungsunterschriften im <a href=\"https:\/\/www.freunde-traunreuts.de\/?page_id=179\" class=\"more-link\">...weiterlesen<span class=\"screen-reader-text\"> \"Pr\u00e4senz\"<\/span><\/a><\/p>\n","protected":false},"author":2,"featured_media":182,"parent":0,"menu_order":0,"comment_status":"closed","ping_status":"closed","template":"","meta":{"footnotes":""},"class_list":["post-179","page","type-page","status-publish","has-post-thumbnail","h-entry","hentry","h-as-page"],"_links":{"self":[{"href":"https:\/\/www.freunde-traunreuts.de\/index.php?rest_route=\/wp\/v2\/pages\/179","targetHints":{"allow":["GET"]}}],"collection":[{"href":"https:\/\/www.freunde-traunreuts.de\/index.php?rest_route=\/wp\/v2\/pages"}],"about":[{"href":"https:\/\/www.freunde-traunreuts.de\/index.php?rest_route=\/wp\/v2\/types\/page"}],"author":[{"embeddable":true,"href":"https:\/\/www.freunde-traunreuts.de\/index.php?rest_route=\/wp\/v2\/users\/2"}],"replies":[{"embeddable":true,"href":"https:\/\/www.freunde-traunreuts.de\/index.php?rest_route=%2Fwp%2Fv2%2Fcomments&post=179"}],"version-history":[{"count":13,"href":"https:\/\/www.freunde-traunreuts.de\/index.php?rest_route=\/wp\/v2\/pages\/179\/revisions"}],"predecessor-version":[{"id":312,"href":"https:\/\/www.freunde-traunreuts.de\/index.php?rest_route=\/wp\/v2\/pages\/179\/revisions\/312"}],"wp:featuredmedia":[{"embeddable":true,"href":"https:\/\/www.freunde-traunreuts.de\/index.php?rest_route=\/wp\/v2\/media\/182"}],"wp:attachment":[{"href":"https:\/\/www.freunde-traunreuts.de\/index.php?rest_route=%2Fwp%2Fv2%2Fmedia&parent=179"}],"curies":[{"name":"wp","href":"https:\/\/api.w.org\/{rel}","templated":true}]}}