{"id":16,"date":"2018-10-24T12:33:08","date_gmt":"2018-10-24T10:33:08","guid":{"rendered":"https:\/\/www.freunde-traunreuts.de\/?page_id=16"},"modified":"2024-09-24T14:09:18","modified_gmt":"2024-09-24T12:09:18","slug":"fruehlinger-spitz-strasse","status":"publish","type":"page","link":"https:\/\/www.freunde-traunreuts.de\/?page_id=16","title":{"rendered":"Fr\u00fchlinger-Spitz-Stra\u00dfe"},"content":{"rendered":"<h4>Ausbau der Fr\u00fchlinger-Spitz-Stra\u00dfe<\/h4>\n<p class=\"want\">Sind Sie daf\u00fcr, dass die \"Fr\u00fchlinger-Spitz-Stra\u00dfe\" <u>unabh\u00e4ngig<\/u> von einer m\u00f6glichen \"Ostspange\/Ostumgehung\" von Traunreut zeitnah (ausge-)gebaut wird (und die daf\u00fcr n\u00f6tigen Planungs- und Realisierungsmittel im Haushalt der Stadt Traunreut umgehend zur Verf\u00fcgung gestellt werden - ggf. mit einem Nachtragshaushalt)?<\/p>\n<p class=\"reason\"><b>Begr\u00fcndung:<\/b><br \/>\nDer Stadtrat der Stadt Traunreut hat sich leider mehrheitlich gegen den (Aus-)Bau der \u201eFr\u00fchlinger-Spitz-Stra\u00dfe\u201c ausgesprochen. Dieses Vorhaben ist jedoch notwendig, da:<\/p>\n<ul>\n<li>es f\u00fcr die Fu\u00dfg\u00e4nger und Radfahrer aufgrund der dort auch fahrenden Pkw und des Schwerlastverkehrs zum Teil lebensgef\u00e4hrlich ist, diese Stra\u00dfe zu ben\u00fctzen. Die vorhandene Tempo 30 Beschr\u00e4nkung l\u00f6st die Problematik in keinster Weise und g\u00e4ngelt erschwerend auch noch den Pkw- \/ Lkw-Verkehr.<\/li>\n<li>das Bosch-Siemens-Hausger\u00e4tewerk (auch mit ihrem neuen Logistikzentrum) und andere Firmen im Gewerbegebiet Ost (M\u00f6bel Jobst, und andere) wie auch die Jugendsiedlung eine vern\u00fcnftige Verkehrsanbindung Richtung S\u00fcden ben\u00f6tigen. Dies entlastet dann auch den Verkehr durch die Kernstadt.<\/li>\n<li>diese Stra\u00dfe unabh\u00e4ngig und erg\u00e4nzend von einer sicherlich notwendigen gro\u00dfen L\u00f6sung einer \u201eOstspange \/ Ostumgehung\u201c von Traunreut zu sehen ist. Der (Aus-)Bau der Fr\u00fchlinger-Spitz-Stra\u00dfe dient der verbesserten Anbindung der Anrainer \/ n\u00e4heren Umgebung, die \u201eOstspange \/ Ostumgehung\u201c hingegen dient erg\u00e4nzend der reibungsloseren generellen Anbindung wie aber auch der Umfahrung der Stadt im Landkreis.<\/li>\n<\/ul>\n<p class=\"reason\"><i>Eine Finanzierung kann seitens der Stadt dargestellt werden. Einerseits hat die Stadt die notwendigen Mittel als R\u00fccklagen, andererseits kann dies mit Mitteln finanziert werden, wenn auf den Neubau der Stadtb\u00fccherei verzichtet wird (stattdessen Anmietung von R\u00e4umen) und drittens w\u00e4re zu pr\u00fcfen, ob eine staatliche F\u00f6rderung des Projektes in Anspruch genommen werden kann.<\/i><\/p>\n","protected":false},"excerpt":{"rendered":"<p>Ausbau der Fr\u00fchlinger-Spitz-Stra\u00dfe Sind Sie daf\u00fcr, dass die \"Fr\u00fchlinger-Spitz-Stra\u00dfe\" unabh\u00e4ngig von einer m\u00f6glichen \"Ostspange\/Ostumgehung\" von Traunreut zeitnah (ausge-)gebaut wird (und die daf\u00fcr n\u00f6tigen Planungs- und Realisierungsmittel im Haushalt der Stadt Traunreut umgehend zur Verf\u00fcgung gestellt werden - ggf. mit einem Nachtragshaushalt)? Begr\u00fcndung: Der Stadtrat der Stadt Traunreut hat sich leider mehrheitlich gegen den (Aus-)Bau der <a href=\"https:\/\/www.freunde-traunreuts.de\/?page_id=16\" class=\"more-link\">...weiterlesen<span class=\"screen-reader-text\"> \"Fr\u00fchlinger-Spitz-Stra\u00dfe\"<\/span><\/a><\/p>\n","protected":false},"author":2,"featured_media":217,"parent":0,"menu_order":0,"comment_status":"closed","ping_status":"closed","template":"","meta":{"footnotes":""},"class_list":["post-16","page","type-page","status-publish","has-post-thumbnail","h-entry","hentry","h-as-page"],"_links":{"self":[{"href":"https:\/\/www.freunde-traunreuts.de\/index.php?rest_route=\/wp\/v2\/pages\/16","targetHints":{"allow":["GET"]}}],"collection":[{"href":"https:\/\/www.freunde-traunreuts.de\/index.php?rest_route=\/wp\/v2\/pages"}],"about":[{"href":"https:\/\/www.freunde-traunreuts.de\/index.php?rest_route=\/wp\/v2\/types\/page"}],"author":[{"embeddable":true,"href":"https:\/\/www.freunde-traunreuts.de\/index.php?rest_route=\/wp\/v2\/users\/2"}],"replies":[{"embeddable":true,"href":"https:\/\/www.freunde-traunreuts.de\/index.php?rest_route=%2Fwp%2Fv2%2Fcomments&post=16"}],"version-history":[{"count":15,"href":"https:\/\/www.freunde-traunreuts.de\/index.php?rest_route=\/wp\/v2\/pages\/16\/revisions"}],"predecessor-version":[{"id":375,"href":"https:\/\/www.freunde-traunreuts.de\/index.php?rest_route=\/wp\/v2\/pages\/16\/revisions\/375"}],"wp:featuredmedia":[{"embeddable":true,"href":"https:\/\/www.freunde-traunreuts.de\/index.php?rest_route=\/wp\/v2\/media\/217"}],"wp:attachment":[{"href":"https:\/\/www.freunde-traunreuts.de\/index.php?rest_route=%2Fwp%2Fv2%2Fmedia&parent=16"}],"curies":[{"name":"wp","href":"https:\/\/api.w.org\/{rel}","templated":true}]}}