{"id":103,"date":"2018-11-16T12:04:08","date_gmt":"2018-11-16T11:04:08","guid":{"rendered":"https:\/\/www.freunde-traunreuts.de\/?page_id=103"},"modified":"2021-07-12T11:12:56","modified_gmt":"2021-07-12T09:12:56","slug":"datenschutzerklaerung-2","status":"publish","type":"page","link":"https:\/\/www.freunde-traunreuts.de\/?page_id=103","title":{"rendered":"Datenschutzerkl\u00e4rung"},"content":{"rendered":"<h5>Datenschutzerkl\u00e4rung<\/h5>\n<p>Datenschutzerkl\u00e4rung der Freunde Traunreuts<br \/>\nnach den Vorgaben der DSGVO<br \/>\nvom Freitag, 16.11.2018<\/p>\n<p>Freunde Traunreuts<br \/>\nc\/o Melrose Consult GmbH<br \/>\nWerner-von-Siemens-Str. 1<br \/>\n83301 Traunreut<\/p>\n<h5>-Webseitenbetreiber-<\/h5>\n<h5>Verantwortlicher:<\/h5>\n<p>Michael Mollner<br \/>\nTel. +49 \/ 8669 \/ 78 777-0<br \/>\nFax +49 \/ 8669\/ 78 777-29<br \/>\nE-Mail: aktion@freunde-traunreuts.de<\/p>\n<p>Datenschutz ist uns sehr wichtig.<\/p>\n<p>Erl\u00e4uterung zur Datenschutzerkl\u00e4rung<\/p>\n<p>Die folgende Datenschutzerkl\u00e4rung der Freunde Traunreuts erl\u00e4utert Ihnen, welche personenbezogene Daten wir von Ihnen erheben, wenn Sie unsere Website besuchen und wie wir Ihre Daten verwenden.<\/p>\n<p>Die Erhebung, Verarbeitung und Nutzung Ihrer Kundendaten bei Freunde Traunreuts erfolgt nach den Vorgaben der Datenschutzgrundverordnung (DSGVO). Die erhobenen Daten werden von Freunde Traunreuts nur insoweit verarbeitet und genutzt, wie dies f\u00fcr die Durchf\u00fchrung des mit Ihnen abgeschlossenen Gesch\u00e4ftes und die Pflege der daraus resultierenden Kundenbeziehungen erforderlich und gesetzlich zul\u00e4ssig ist.<\/p>\n<h5>Inhaltsverzeichnis<\/h5>\n<p>\u00a71 Verantwortliche Stelle<br \/>\n\u00a72 Anonyme Datenerhebung<br \/>\n\u00a73 Definitionen<br \/>\n\u00a74 Datenkategorien &amp; -herkunft<br \/>\n\u00a75 Erhebung personenbezogener Daten<br \/>\na) Einsatz von Cookies<br \/>\n\u00a76 Zweck der Datenverarbeitung<br \/>\n\u00a77 Einbindung von Google Maps<br \/>\n\u00a78 Sicherheit, Informationssicherheit und Passw\u00f6rter<br \/>\n\u00a79 Auskunftsrecht und Widerruf der Datennutzung, Ihre Rechte als betroffene Person<br \/>\n\u00a710 \u00c4nderungsvorbehalt<br \/>\n\u00a711 Empfehlungen<\/p>\n<h5>\u00a71 Verantwortliche Stelle<\/h5>\n<p>Verantwortliche Stelle f\u00fcr die Erhebung, Verarbeitung und Nutzung Ihrer personenbezogenen Daten im Sinne des Datenschutzgesetzes ist:<br \/>\nFreunde Traunreuts<br \/>\nc\/o Melrose Consult GmbH<br \/>\nWerner-von-Siemens-Str. 1<br \/>\n83301 Traunreut<br \/>\nTelefon: +49 \/ 8669 \/ 78 777-0<br \/>\n<!-- Betrieblicher Datenschutzbeauftragter? --><\/p>\n<h5>\u00a72 Anonyme Datenerhebung<\/h5>\n<p>Sie k\u00f6nnen unsere Webseiten besuchen, ohne Angaben zu Ihrer Person zu machen. Wir speichern in diesem Zusammenhang keinerlei pers\u00f6nliche Daten.<\/p>\n<p>\u00a73 Definitionen<br \/>\nPersonenbezogene Daten sind alle Informationen \u00fcber pers\u00f6nliche und sachliche Verh\u00e4ltnisse einer bestimmten oder bestimmbaren Person. Darunter fallen Informationen und Angaben, wie Name, Adresse oder sonstige Postanschrift, die Telefonnummer, E-Mail-Adresse\u2026.<\/p>\n<p>Cookies sind Daten, die ein Browser auf dem jeweiligen Ger\u00e4t in einem daf\u00fcr vorgesehenen Verzeichnis ablegt. Durch diese Cookies kann z.B. festgestellt werden, ob eine Website schon einmal besucht wurde. Die meisten Browser akzeptieren Cookies automatisch. Jedoch k\u00f6nnen Browser so eingestellt werden, dass keine Cookies gespeichert werden oder vor dem Speichern eines Cookies eine explizite Zustimmung erforderlich ist. Au\u00dferdem k\u00f6nnen bereits gesetzte Cookies jederzeit gel\u00f6scht werden.<\/p>\n<p>Bitte beachten Sie, dass das Deaktivieren von Cookies ggf. zu Einschr\u00e4nkungen bei der Nutzung unserer Website f\u00fchren kann.<\/p>\n<h5>\u00a74 Datenkategorien &amp; -herkunft<\/h5>\n<p>Datenkategorien und Datenherkunft: Wir verarbeiten nachfolgende Kategorien von Daten: Stammdaten, Kommunikationsdaten.<br \/>\nDie Daten aus den genannten Datenkategorien wurden uns \u00fcbermittelt von:<br \/>\n\u2022 Verwendetes Betriebssystem<br \/>\n\u2022 Referrer URL, d. h. die zuvor besuchte Seite, von der aus sie zu uns gekommen sind<br \/>\n\u2022 IP-Adresse Ihres Computers in gek\u00fcrzter Form, sodass sie nicht einem bestimmten Computer zugeordnet werden kann<br \/>\n\u2022 Datum und Uhrzeit des Besuchs unserer Website<\/p>\n<h5>\u00a75 Erhebung personenbezogener Daten<\/h5>\n<p>Bei der blo\u00df informatorischen Nutzung der Website, also wenn Sie sich nicht registrieren oder uns anderweitig Informationen \u00fcbermitteln, erheben wir nur die personenbezogenen Daten, die Ihr Browser an unseren Server \u00fcbermittelt. Wenn Sie unsere Website betrachten m\u00f6chten, erheben wir die folgenden Daten, die f\u00fcr uns technisch erforderlich sind, um Ihnen unsere Website anzuzeigen und die Stabilit\u00e4t und Sicherheit zu gew\u00e4hrleisten (Rechtsgrundlage ist Art. 6 Abs. 1 S. 1 lit. f DS-GVO):<\/p>\n<p>\u2022 IP-Adresse<br \/>\n\u2022 Datum und Uhrzeit der Anfrage<br \/>\n\u2022 Zeitzonendifferenz zur Greenwich Mean Time (GMT)<br \/>\n\u2022 Inhalt der Anforderung (konkrete Seite)<br \/>\n\u2022 Zugriffsstatus \/ HTTP-Statuscode<br \/>\n\u2022 jeweils \u00fcbertragene Datenmenge<br \/>\n\u2022 Website, von der die Anforderung kommt<br \/>\n\u2022 Browser<br \/>\n\u2022 Betriebssystem und dessen Oberfl\u00e4che<br \/>\n\u2022 Sprache und Version der Browsersoftware.<\/p>\n<p>Zus\u00e4tzlich zu den zuvor genannten Daten werden bei Ihrer Nutzung unserer Website Cookies auf Ihrem Rechner gespeichert. Bei Cookies handelt es sich um kleine Textdateien, die auf Ihrer Festplatte dem von Ihnen verwendeten Browser zugeordnet gespeichert werden und durch welche der Stelle, die den Cookie setzt (hier durch uns), bestimmte Informationen zuflie\u00dfen. Cookies k\u00f6nnen keine Programme ausf\u00fchren oder Viren auf Ihren Computer \u00fcbertragen. Sie dienen dazu, das Internetangebot insgesamt nutzerfreundlicher und effektiver zu machen.<\/p>\n<p>a) Einsatz von Cookies:<br \/>\nDiese Website nutzt folgende Arten von Cookies, deren Umfang und Funktionsweise im Folgenden erl\u00e4utert werden:<br \/>\n\u2022 Transiente Cookies<br \/>\n\u2022 Persistente Cookies<\/p>\n<p>Transiente Cookies werden automatisiert gel\u00f6scht, wenn Sie den Browser schlie\u00dfen. Dazu z\u00e4hlen insbesondere die Session-Cookies. Diese speichern eine sogenannte Session-ID, mit welcher sich verschiedene Anfragen Ihres Browsers der gemeinsamen Sitzung zuordnen lassen. Dadurch kann Ihr Rechner wiedererkannt werden, wenn Sie auf unsere Website zur\u00fcckkehren. Die Session-Cookies werden gel\u00f6scht, wenn Sie sich ausloggen oder den Browser schlie\u00dfen.<\/p>\n<p>Persistente Cookies werden automatisiert nach einer vorgegebenen Dauer gel\u00f6scht, die sich je nach Cookie unterscheiden kann. Sie k\u00f6nnen die Cookies in den Sicherheitseinstellungen Ihres Browsers jederzeit l\u00f6schen.<\/p>\n<p>Sie k\u00f6nnen Ihre Browser-Einstellung entsprechend Ihren W\u00fcnschen konfigurieren und z. B. die Annahme von Third-Party-Cookies oder allen Cookies ablehnen. Wir weisen Sie darauf hin, dass Sie dadurch eventuell nicht alle Funktionen dieser Website nutzen k\u00f6nnen.<\/p>\n<p>Die genutzten Flash-Cookies werden nicht durch Ihren Browser erfasst, sondern durch Ihr Flash-Plug-in. Weiterhin nutzen wir HTML5 storage objects, die auf Ihrem Endger\u00e4t abgelegt werden. Diese Objekte speichern die erforderlichen Daten unabh\u00e4ngig von Ihrem verwendeten Browser und haben kein automatisches Ablaufdatum. Wenn Sie keine Verarbeitung der Flash-Cookies w\u00fcnschen, m\u00fcssen Sie ein entsprechendes Add-On installieren, z. B. \u201eBetter Privacy\u201c f\u00fcr Mozilla Firefox (https:\/\/addons.mozilla.org\/de\/firefox\/addon\/betterprivacy\/) oder das Adobe-Flash-Killer-Cookie f\u00fcr Google Chrome. Die Nutzung von HTML5 storage objects k\u00f6nnen Sie verhindern, indem Sie in Ihrem Browser den privaten Modus einsetzen. Zudem empfehlen wir, regelm\u00e4\u00dfig Ihre Cookies und den Browser-Verlauf manuell zu l\u00f6schen.<\/p>\n<h5>\u00a76 Zweck der Datenverarbeitung<\/h5>\n<p>Die Nutzung unserer Website bzw. Websiten ist ohne Angabe personenbezogener Daten m\u00f6glich. Es werden Zugriffsdaten ohne Personenbezug gespeichert. Sofern innerhalb der Website die M\u00f6glichkeit zur Eingabe pers\u00f6nlicher Daten, wie beispielsweise E-Mail-Adresse, Name, Anschrift, \u2026, besteht, so erfolgt die Preisgabe dieser Daten seitens des Nutzers auf ausdr\u00fccklich freiwilliger Basis. Diese Daten werden ohne ausdr\u00fcckliche Zustimmung nicht an Dritte weitergegeben.<\/p>\n<p>Das Unternehmen nutzt und speichert personenbezogene Daten f\u00fcr die folgenden Zwecke nur, wenn die Besucher bzw. die Kunden ausdr\u00fccklich hierzu ihre Einwilligung erteilt haben:<br \/>\n\u2022 bei der Kontaktaufnahme mit uns<\/p>\n<p>Die personenbezogenen Informationen werden nur innerhalb der Organisation genutzt und nur an solche Unternehmen weitergegeben, die an der Erf\u00fcllung der abgeschlossenen Vertr\u00e4ge oder sonst bei der Leistungserbringung beteiligt sind.<\/p>\n<p>a) Third-Party-Cookies<\/p>\n<p>Die Einbindung von eigenen Cookies ist Teil der Datenschutzerkl\u00e4rung, dar\u00fcber hinaus werden auch Cookies von Drittanbietern eingesetzt. Diese sind detailliert zu beschreiben. Die Nutzer sind auf die Verwendung von Third-Party-Cookies beim Aufruf der Website hinzuweisen. Eine Verhinderungsm\u00f6glichkeit zur Speicherung dieser Cookies findet sich in den Einstellungen des Browsers. Rechtsgrundlage f\u00fcr die Verwendung von Third-Party-Cookies ist Art. 6 Abs. 1 lit. f DSGVO. Es muss dann jedoch auch im Einzelfall ein berechtigtes Interesse f\u00fcr den Einsatz des Cookies angef\u00fchrt werden.<\/p>\n<p>Sie k\u00f6nnen die Speicherung der Cookies durch eine entsprechende Einstellung Ihrer Browser-Software verhindern; wir weisen Sie jedoch darauf hin, dass Sie in diesem Fall gegebenenfalls nicht s\u00e4mtliche Funktionen dieser Website vollumf\u00e4nglich werden nutzen k\u00f6nnen. Sie k\u00f6nnen dar\u00fcber hinaus die Erfassung der durch das Cookie erzeugten und auf Ihre Nutzung der Website bezogenen Daten (inkl. Ihrer IP-Adresse) an Google sowie die Verarbeitung dieser Daten durch Google verhindern, indem sie das unter dem folgenden Link verf\u00fcgbare Browser-Plug-in herunterladen und installieren: https:\/\/tools.google.com\/dlpage\/gaoptout?hl=de.<\/p>\n<h5>\u00a77 Einbindung von Google Maps<\/h5>\n<p>Auf dieser Website nutzen wir das Angebot von Google Maps. Dadurch k\u00f6nnen wir Ihnen interaktive Karten direkt in der Website anzeigen und erm\u00f6glichen Ihnen die komfortable Nutzung der Karten-Funktion.<\/p>\n<p>Durch den Besuch auf der Website erh\u00e4lt Google die Information, dass Sie die entsprechende Unterseite unserer Website aufgerufen haben. Zudem werden die unter \u00a75 dieser Erkl\u00e4rung genannten Daten \u00fcbermittelt. Dies erfolgt unabh\u00e4ngig davon, ob Google ein Nutzerkonto bereitstellt, \u00fcber das Sie eingeloggt sind, oder ob kein Nutzerkonto besteht. Wenn Sie bei Google eingeloggt sind, werden Ihre Daten direkt Ihrem Konto zugeordnet. Wenn Sie die Zuordnung mit Ihrem Profil bei Google nicht w\u00fcnschen, m\u00fcssen Sie sich vor Aktivierung des Buttons ausloggen. Google speichert Ihre Daten als Nutzungsprofile und nutzt sie f\u00fcr Zwecke der Werbung, Marktforschung und\/oder bedarfsgerechten Gestaltung seiner Website. Eine solche Auswertung erfolgt insbesondere (selbst f\u00fcr nicht eingeloggte Nutzer) zur Erbringung von bedarfsgerechter Werbung und um andere Nutzer des sozialen Netzwerks \u00fcber Ihre Aktivit\u00e4ten auf unserer Website zu informieren. Ihnen steht ein Widerspruchsrecht zu gegen die Bildung dieser Nutzerprofile, wobei Sie sich zur Aus\u00fcbung dessen an Google richten m\u00fcssen.<\/p>\n<p>Weitere Informationen zu Zweck und Umfang der Datenerhebung und ihrer Verarbeitung durch den Plug-in-Anbieter erhalten Sie in den Datenschutzerkl\u00e4rungen des Anbieters. Dort erhalten Sie auch weitere Informationen zu Ihren diesbez\u00fcglichen Rechten und Einstellungsm\u00f6glichkeiten zum Schutze Ihrer Privatsph\u00e4re: https:\/\/policies.google.com\/privacy?hl=de&amp;gl=de. Google verarbeitet Ihre personenbezogenen Daten auch in den USA und hat sich dem EU-US Privacy Shield unterworfen, https:\/\/www.privacyshield.gov\/EU-US-Framework.<\/p>\n<h5>\u00a78 Sicherheit, Informationssicherheit und Passw\u00f6rter<\/h5>\n<p>Freunde Traunreuts trifft Vorkehrungen, um die Sicherheit Ihrer personenbezogenen Daten zu gew\u00e4hrleisten. Ihre Daten werden gewissenhaft vor Verlust, Zerst\u00f6rung, Verf\u00e4lschung, Manipulation und unberechtigtem Zugriff oder unberechtigter Offenlegung sowie Weitergabe gesch\u00fctzt.<\/p>\n<p>Wir sch\u00fctzen die erhobenen Kundendaten, durch Speicherung auf zugriffsgesch\u00fctzte Server gegen unberechtigten Zugriff.<\/p>\n<p>Zudem bem\u00fchen wir uns stets nach Kr\u00e4ften, mit den aktuell technischen M\u00f6glichkeiten, Ihre Daten sicher aufzubewahren. Wir weisen darauf hin, dass die Daten\u00fcbertragung im Internet Sicherheitsl\u00fccken aufweisen kann. Ein l\u00fcckenloser Schutz der Daten vor dem Zugriff durch Dritte ist daher nicht m\u00f6glich.<\/p>\n<p>Alle Websites werden mittels SSL verschl\u00fcsselt, und zwar abh\u00e4ngig vom eingesetzten Browser mittels 256-bit SSL. Freunde Traunreuts sichert seine Websites und sonstigen Systeme durch technische und organisatorische Ma\u00dfnahmen gegen Verlust, Zerst\u00f6rung, Zugriff, Ver\u00e4nderung oder Verbreitung Ihrer Daten durch unbefugte Personen.<\/p>\n<h5>\u00a79 Auskunftsrecht &amp; Widerruf der Datennutzung<\/h5>\n<p>Sie haben das Recht, jederzeit Auskunft \u00fcber die von uns gespeicherten Daten zu erhalten, unrichtige Daten korrigieren zu lassen und die L\u00f6schung oder Sperrung Ihrer personenbezogenen Daten zu verlangen. Dar\u00fcber hinaus haben Sie jederzeit das Recht, der weiteren Nutzung Ihrer personenbezogenen Daten f\u00fcr die Zukunft zu widersprechen. Wenden Sie sich dazu bitte per E-Mail an: aktion@freunde-traunreuts.de<\/p>\n<p><!--Freunde Traunreuts hat einen betrieblichen Datenschutzbeauftragten. Sie erreichen ihn unter ebenfalls unter der E-Mailadresse: datenschutz@diekom.net--><\/p>\n<p>Ihnen als von der Datenverarbeitung betroffenen Person stehen verschiedene Rechte zu:<\/p>\n<p>\u2022 Widerrufsrecht: Von Ihnen erteilte Einwilligungen k\u00f6nnen Sie jederzeit uns gegen\u00fcber widerrufen. Die Datenverarbeitung, die auf der widerrufenen Einwilligung beruht, darf dann f\u00fcr die Zukunft nicht mehr fortgef\u00fchrt werden.<\/p>\n<p>\u2022 Auskunftsrecht: Sie k\u00f6nnen Auskunft \u00fcber Ihre von uns verarbeiteten personenbezogenen Daten verlangen. Dies gilt insbesondere f\u00fcr die Zwecke der Datenverarbeitungen, die Kategorien der personenbezogenen Daten, ggf. die Kategorien von Empf\u00e4ngern, die Speicherdauer, ggf. die Herkunft Ihrer Daten sowie ggf. f\u00fcr das Bestehen einer automatisierten Entscheidungsfindung einschlie\u00dflich Profiling und ggf. aussagekr\u00e4ftigen Informationen zu deren Details.<\/p>\n<p>\u2022 Berichtigungsrecht: Sie k\u00f6nnen die Berichtigung unrichtiger oder die Vervollst\u00e4ndigung Ihrer bei uns gespeicherten personenbezogenen Daten verlangen.<\/p>\n<p>\u2022 L\u00f6schungsrecht: Sie k\u00f6nnen die L\u00f6schung Ihrer bei uns gespeicherten personenbezogenen Daten verlangen, soweit deren Verarbeitung nicht zur Aus\u00fcbung des Rechts auf freie Meinungs\u00e4u\u00dferung und Information, zur Erf\u00fcllung einer rechtlichen Verpflichtung, aus Gr\u00fcnden des \u00f6ffentlichen Interesses oder zur Geltendmachung, Aus\u00fcbung oder Verteidigung von Rechtsanspr\u00fcchen erforderlich ist.<\/p>\n<p>\u2022 Recht auf Einschr\u00e4nkung der Verarbeitung: Sie k\u00f6nnen die Einschr\u00e4nkung der Verarbeitung Ihrer personenbezogenen Daten verlangen, soweit die Richtigkeit der Daten von Ihnen bestritten wird, die Verarbeitung unrechtm\u00e4\u00dfig ist, Sie aber deren L\u00f6schung ablehnen. Au\u00dferdem steht Ihnen dieses Recht zu, wenn wir die Daten nicht mehr ben\u00f6tigen, Sie diese jedoch zur Geltendmachung, Aus\u00fcbung oder Verteidigung von Rechtsanspr\u00fcchen ben\u00f6tigen. Dar\u00fcber hinaus haben Sie dieses Recht, wenn Sie Widerspruch gegen die Verarbeitung Ihrer personenbezogenen Daten eingelegt haben;<\/p>\n<p>\u2022 Recht auf Daten\u00fcbertragbarkeit: Sie k\u00f6nnen verlangen, dass wir Ihnen Ihre personenbezogenen Daten, die Sie uns bereitgestellt haben, in einem strukturierten, g\u00e4ngigen und maschinenlesebaren Format \u00fcbermitteln. Alternativ k\u00f6nnen Sie die direkte \u00dcbermittlung der von Ihnen uns bereitgestellten personenbezogenen Daten an einen anderen Verantwortlichen verlangen, soweit dies m\u00f6glich ist.<\/p>\n<p>\u2022 Beschwerderecht: Sie k\u00f6nnen sich bei der f\u00fcr uns zust\u00e4ndigen Aufsichtsbeh\u00f6rde beschweren, z.B. wenn Sie der Ansicht sind, dass wir Ihre personenbezogenen Daten in unrechtm\u00e4\u00dfiger Weise verarbeiten.<\/p>\n<p><!-- Die f\u00fcr uns zust\u00e4ndige Beh\u00f6rde ist:--><\/p>\n<h5>\u00a710 \u00c4nderungsvorbehalt<\/h5>\n<p>Wir behalten uns das Recht vor, jederzeit diese Erkl\u00e4rung zum Datenschutz unter Beachtung der rechtlichen Vorgaben zu \u00e4ndern.<\/p>\n<h5>\u00a711 Empfehlungen<\/h5>\n<p>Unsere Empfehlungen sind stets als unverbindlich anzusehen und stehen nicht im Kontext der Werbema\u00dfnahmen.<\/p>\n<p>Nutzer k\u00f6nnen stets die Erfassung der durch das Cookie erzeugten und auf ihre Nutzung der Website bezogenen Daten (inkl. Ihrer IP-Adresse) an Google, sowie die Verarbeitung dieser Daten durch Google verhindern, indem sie das unter dem folgenden Link verf\u00fcgbare Browser-Plugin herunterladen und installieren: http:\/\/tools.google.com\/dlpage\/gaoptout?hl=de<\/p>\n<p>Weitere Informationen zur Datennutzung zu Werbezwecken durch Google, Einstellungs- und Widerspruchsm\u00f6glichkeiten erfahren Sie auf den Websiten von Google:<\/p>\n<p>https:\/\/www.google.com\/intl\/de\/policies\/privacy\/partners\/<\/p>\n<p>Datennutzung durch Google bei Ihrer Nutzung von Websites oder Apps unserer Partner http:\/\/www.google.com\/policies\/technologies\/ads<\/p>\n<p>Datennutzung zu Werbezwecken http:\/\/www.google.de\/settings\/ads<\/p>\n<p>Informationen verwalten, die Google verwendet, um Ihnen Werbung einzublenden http:\/\/www.google.com\/ads\/preferences\/<\/p>\n<p>Eine weitere M\u00f6glichkeit bietet auch der BVDW unter folgender Adresse: http:\/\/www.meine-cookies.org\/cookies_verwalten\/praeferenzmanager.html<\/p>\n<p>Wenn Sie keine Verarbeitung der Flash-Cookies w\u00fcnschen, m\u00fcssen Sie ein entsprechendes Add-On installieren, z. B. \u201eBetter Privacy\u201c f\u00fcr Mozilla Firefox (https:\/\/addons.mozilla.org\/de\/firefox\/addon\/betterprivacy\/) oder das Adobe-Flash-Killer-Cookie f\u00fcr Google Chrome. Die Nutzung von HTML5 storage objects k\u00f6nnen Sie verhindern, indem Sie in Ihrem Browser den privaten Modus einsetzen. Zudem empfehlen wir, regelm\u00e4\u00dfig Ihre Cookies und den Browser-Verlauf manuell zu l\u00f6schen.<\/p>\n<p>Dar\u00fcber hinaus hat der Nutzer durch Einstellungen im Internetbrowser jederzeit selbst die M\u00f6glichkeit, Cookies im Browser zu l\u00f6schen, zu blockieren oder zumindest davor gewarnt zu werden, bevor ein Cookie gespeichert wird.<\/p>\n<p>Folgende Adressen schlagen wir Ihnen f\u00fcr die jeweiligen Punkte vor:<\/p>\n<p>\u2022 Deaktivierung interessenbezogener Google-Werbung http:\/\/www.google.com\/settings\/ads,<\/p>\n<p>\u2022 alternativ Deaktivierung Drittanbieter-Cookies \u00fcber die Seite von \u201eYour Online Choices\u201c:http:\/\/www.youronlinechoices.com\/de\/praferenzmanagement\/,<\/p>\n<p>\u2022 Google-Datenschutzerkl\u00e4rung: https:\/\/www.google.de\/intl\/de\/policies\/privacy\/,<\/p>\n<p>\u2022 Google-Werbung: http:\/\/www.google.de\/intl\/de\/policies\/technologies\/ads\/,<\/p>\n<p>\u2022 Google-Anzeigen: https:\/\/support.google.com\/ads\/answer\/1634057,<\/p>\n<p>\u2022 Conversion-Tracking: https:\/\/support.google.com\/adwords\/answer\/1722022?hl=de,<\/p>\n<p>Freunde Traunreuts<br \/>\nc\/o Melrose Consult GmbH<br \/>\nWerner-von-Siemens-Str. 1<br \/>\n83301 Traunreut<br \/>\nDeutschland<\/p>\n<p>Telefon: +49 \/ 8669 \/ 78 777-0<br \/>\nTelefax: +49 \/ 8669\/ 78 777-29<br \/>\nE-Mail: aktion@freunde-traunreuts.de<br \/>\nInternet: www.freunde-traunreuts.de<\/p>\n<p>Datenschutzerkl\u00e4rung der Freunde Traunreuts<\/p>\n<p>Stand: 16.11.2018<\/p>\n","protected":false},"excerpt":{"rendered":"<p>Datenschutzerkl\u00e4rung Datenschutzerkl\u00e4rung der Freunde Traunreuts nach den Vorgaben der DSGVO vom Freitag, 16.11.2018 Freunde Traunreuts c\/o Melrose Consult GmbH Werner-von-Siemens-Str. 1 83301 Traunreut -Webseitenbetreiber- Verantwortlicher: Michael Mollner Tel. +49 \/ 8669 \/ 78 777-0 Fax +49 \/ 8669\/ 78 777-29 E-Mail: aktion@freunde-traunreuts.de Datenschutz ist uns sehr wichtig. Erl\u00e4uterung zur Datenschutzerkl\u00e4rung Die folgende Datenschutzerkl\u00e4rung der Freunde <a href=\"https:\/\/www.freunde-traunreuts.de\/?page_id=103\" class=\"more-link\">...weiterlesen<span class=\"screen-reader-text\"> \"Datenschutzerkl\u00e4rung\"<\/span><\/a><\/p>\n","protected":false},"author":2,"featured_media":0,"parent":0,"menu_order":0,"comment_status":"closed","ping_status":"closed","template":"","meta":{"footnotes":""},"class_list":["post-103","page","type-page","status-publish","h-entry","hentry","h-as-page"],"_links":{"self":[{"href":"https:\/\/www.freunde-traunreuts.de\/index.php?rest_route=\/wp\/v2\/pages\/103","targetHints":{"allow":["GET"]}}],"collection":[{"href":"https:\/\/www.freunde-traunreuts.de\/index.php?rest_route=\/wp\/v2\/pages"}],"about":[{"href":"https:\/\/www.freunde-traunreuts.de\/index.php?rest_route=\/wp\/v2\/types\/page"}],"author":[{"embeddable":true,"href":"https:\/\/www.freunde-traunreuts.de\/index.php?rest_route=\/wp\/v2\/users\/2"}],"replies":[{"embeddable":true,"href":"https:\/\/www.freunde-traunreuts.de\/index.php?rest_route=%2Fwp%2Fv2%2Fcomments&post=103"}],"version-history":[{"count":10,"href":"https:\/\/www.freunde-traunreuts.de\/index.php?rest_route=\/wp\/v2\/pages\/103\/revisions"}],"predecessor-version":[{"id":327,"href":"https:\/\/www.freunde-traunreuts.de\/index.php?rest_route=\/wp\/v2\/pages\/103\/revisions\/327"}],"wp:attachment":[{"href":"https:\/\/www.freunde-traunreuts.de\/index.php?rest_route=%2Fwp%2Fv2%2Fmedia&parent=103"}],"curies":[{"name":"wp","href":"https:\/\/api.w.org\/{rel}","templated":true}]}}